{"id":6155,"date":"2024-03-27T09:26:20","date_gmt":"2024-03-27T08:26:20","guid":{"rendered":"https:\/\/fahrschuleammain.de\/?page_id=6155"},"modified":"2024-10-26T19:30:38","modified_gmt":"2024-10-26T18:30:38","slug":"fuehrerschein-klasse-a1","status":"publish","type":"page","link":"https:\/\/1afahrschule.de\/index.php\/fuehrerschein-klasse-a1\/","title":{"rendered":"F\u00fchrerschein Klasse A1"},"content":{"rendered":"[vc_row type=&#8220;full_width_background&#8220; full_screen_row_position=&#8220;middle&#8220; column_margin=&#8220;default&#8220; column_direction=&#8220;default&#8220; column_direction_tablet=&#8220;default&#8220; column_direction_phone=&#8220;default&#8220; bg_image=&#8220;6246&#8243; bg_position=&#8220;center center&#8220; background_image_loading=&#8220;default&#8220; bg_repeat=&#8220;no-repeat&#8220; scene_position=&#8220;center&#8220; top_padding=&#8220;15%&#8220; bottom_padding=&#8220;13%&#8220; text_color=&#8220;dark&#8220; text_align=&#8220;left&#8220; row_border_radius=&#8220;none&#8220; row_border_radius_applies=&#8220;bg&#8220; overflow=&#8220;visible&#8220; color_overlay=&#8220;#0a0a0a&#8220; overlay_strength=&#8220;0.5&#8243; gradient_direction=&#8220;left_to_right&#8220; shape_divider_position=&#8220;bottom&#8220; bg_image_animation=&#8220;none&#8220; gradient_type=&#8220;default&#8220; shape_type=&#8220;&#8220;][vc_column column_padding=&#8220;no-extra-padding&#8220; column_padding_tablet=&#8220;inherit&#8220; column_padding_phone=&#8220;inherit&#8220; column_padding_position=&#8220;all&#8220; column_element_direction_desktop=&#8220;default&#8220; column_element_spacing=&#8220;default&#8220; desktop_text_alignment=&#8220;default&#8220; tablet_text_alignment=&#8220;default&#8220; phone_text_alignment=&#8220;default&#8220; background_color_opacity=&#8220;1&#8243; background_hover_color_opacity=&#8220;1&#8243; column_backdrop_filter=&#8220;none&#8220; column_shadow=&#8220;none&#8220; column_border_radius=&#8220;none&#8220; column_link_target=&#8220;_self&#8220; column_position=&#8220;default&#8220; gradient_direction=&#8220;left_to_right&#8220; overlay_strength=&#8220;0.3&#8243; width=&#8220;1\/1&#8243; tablet_width_inherit=&#8220;default&#8220; animation_type=&#8220;default&#8220; bg_image_animation=&#8220;none&#8220; border_type=&#8220;simple&#8220; column_border_width=&#8220;none&#8220; column_border_style=&#8220;solid&#8220;][split_line_heading animation_type=&#8220;line-reveal-by-space&#8220; font_style=&#8220;h1&#8243; text_color=&#8220;#ffffff&#8220; line_reveal_by_space_text_effect=&#8220;default&#8220; content_alignment=&#8220;default&#8220; mobile_content_alignment=&#8220;inherit&#8220; link_target=&#8220;_self&#8220; text_content=&#8220;F\u00fchrerschein Klasse A1&#8243; text_direction=&#8220;default&#8220;][\/split_line_heading][\/vc_column][\/vc_row][vc_row type=&#8220;in_container&#8220; full_screen_row_position=&#8220;middle&#8220; column_margin=&#8220;default&#8220; column_direction=&#8220;default&#8220; column_direction_tablet=&#8220;default&#8220; column_direction_phone=&#8220;default&#8220; scene_position=&#8220;center&#8220; top_padding=&#8220;50px&#8220; text_color=&#8220;dark&#8220; text_align=&#8220;left&#8220; row_border_radius=&#8220;none&#8220; row_border_radius_applies=&#8220;bg&#8220; overflow=&#8220;visible&#8220; overlay_strength=&#8220;0.3&#8243; gradient_direction=&#8220;left_to_right&#8220; shape_divider_position=&#8220;bottom&#8220; bg_image_animation=&#8220;none&#8220; gradient_type=&#8220;default&#8220; shape_type=&#8220;&#8220;][vc_column column_padding=&#8220;no-extra-padding&#8220; column_padding_tablet=&#8220;inherit&#8220; column_padding_phone=&#8220;inherit&#8220; column_padding_position=&#8220;all&#8220; column_element_direction_desktop=&#8220;default&#8220; column_element_spacing=&#8220;default&#8220; desktop_text_alignment=&#8220;default&#8220; tablet_text_alignment=&#8220;default&#8220; phone_text_alignment=&#8220;default&#8220; background_color_opacity=&#8220;1&#8243; background_hover_color_opacity=&#8220;1&#8243; column_backdrop_filter=&#8220;none&#8220; column_shadow=&#8220;none&#8220; column_border_radius=&#8220;none&#8220; column_link_target=&#8220;_self&#8220; column_position=&#8220;default&#8220; gradient_direction=&#8220;left_to_right&#8220; overlay_strength=&#8220;0.5&#8243; width=&#8220;1\/1&#8243; tablet_width_inherit=&#8220;default&#8220; animation_type=&#8220;default&#8220; bg_image_animation=&#8220;none&#8220; border_type=&#8220;simple&#8220; column_border_width=&#8220;none&#8220; column_border_style=&#8220;solid&#8220; column_padding_type=&#8220;default&#8220; gradient_type=&#8220;default&#8220;][vc_column_text css_animation=&#8220;slideInUp&#8220; text_direction=&#8220;default&#8220;]\n<h2>F\u00fchrerschein Klasse A1<\/h2>\n<section class=\"text-editor aos-init aos-animate\" data-align-self=\"is-align-self-stretch\" data-mobile-order=\"1\" data-mobile-bg=\"\/media\/background_mobile\/\" data-aos=\"fade-up\">\n<div class=\"text-editor__item\">\n<p>Wer ein Motorrad mit einem\u00a0Hubraum bis zu 125 ccm\u00a0fahren m\u00f6chte, braucht einen F\u00fchrerschein der\u00a0Klasse A1.<\/p>\n<p>&nbsp;<\/p>\n<\/div>\n<\/section>\n<section class=\"text-editor aos-init aos-animate\" data-align-self=\"is-align-self-stretch\" data-mobile-order=\"1\" data-mobile-bg=\"\/media\/background_mobile\/\" data-aos=\"fade-up\"><\/section>\n<header>\n<h2>Beschrei\u00adbung<\/h2>\n<\/header>\n<p style=\"font-weight: 400;\">Kraftr\u00e4der\u00a0mit<\/p>\n<ul style=\"font-weight: 400;\">\n<li>Hubraum von nicht mehr als 125\u00a0cm\u00b3,<\/li>\n<li>Motorleistung von nicht mehr als 11\u00a0kW\u00a0und<\/li>\n<li>Verh\u00e4ltnis der Leistung zum Gewicht\u00a0max.\u00a00,1\u00a0kW\/kg,<\/li>\n<\/ul>\n<p style=\"font-weight: 400;\">auch mit Beiwagen.<\/p>\n<h2>Vor\u00adaus\u00adset\u00adzung Klasse A1<\/h2>\n<ul>\n<li>Min\u00addes\u00adtens 16 Jahre bei Direkt\u00adein\u00adstieg oder<\/li>\n<li>Unter\u00adla\u00adgen zum\u00a0F\u00fch\u00adrer\u00adschein\u00adan\u00adtrag<\/li>\n<\/ul>\n<h2>Aus\u00adbil\u00addungs\u00addauer<\/h2>\n<p>Die Dauer dei\u00adner Aus\u00adbil\u00addung ist abh\u00e4n\u00adgig von:<\/p>\n<ul>\n<li>den ben\u00f6\u00adtig\u00adten Fahr\u00adstun\u00adden und ebenso<\/li>\n<li>den gefah\u00adre\u00adnen Fahr\u00adstun\u00adden pro Tag\/Woche und dazu<\/li>\n<li>die besuchte\u00a0The\u00ado\u00adrie\u00adstun\u00adden\u00a0und eben\u00adfalls<\/li>\n<li>Die Bea\u00adr\u00adbei\u00adtung des\u00a0F\u00fch\u00adrer\u00adschein\u00adan\u00adtrags<\/li>\n<\/ul>\n<h2>The\u00ado\u00adrie\u00adun\u00adter\u00adricht<\/h2>\n<p>Voraussetzung zum Erwerb der F\u00fchrerscheinklasse A1 ist die Teilnahme an einer theoretischen und praktischen Fahrausbildung in einer Fahrschule.<\/p>\n<p>F\u00fcr die Theorie sind 12 Doppelstunden (\u00e0 90 Minuten) Grundstoff und 4 Doppelstunden Zusatzstoff verbindlich vorgeschrieben.<\/p>\n<p>In der Praxis erfolgt eine Grundausbildung nach den Inhalten der Fahrsch\u00fcler-Ausbildungsordnung. Die Zahl der Fahrstunden h\u00e4ngt von den F\u00e4higkeiten und dem Lernfortschritt des Erwerbers ab. Verpflichtend sind 5 Fahrstunden (\u00e0 45 Minuten) \u00dcberland (Bundes- oder Landstra\u00dfe), 4 Fahrstunden Autobahn und 3 Fahrstunden bei Dunkelheit.<\/p>\n<h2>The\u00ado\u00adrie\u00adpr\u00fc\u00adfung<\/h2>\n<header>In der theoretischen Pr\u00fcfung muss der Pr\u00fcfling einen Testbogen mit 30 Fragen (20 Grundstoff, 10 Zusatzstoff) beantworten. Ab 11 Fehlerpunkten hat er die Pr\u00fcfung nicht bestanden. Werden zwei Fragen mit der Wertigkeit 5 falsch beantwortet, ist die Pr\u00fcfung ebenfalls nicht bestanden.<\/header>\n[\/vc_column_text][\/vc_column][\/vc_row]\n","protected":false},"excerpt":{"rendered":"<p>[vc_row type=&#8220;full_width_background&#8220; full_screen_row_position=&#8220;middle&#8220; column_margin=&#8220;default&#8220; column_direction=&#8220;default&#8220; column_direction_tablet=&#8220;default&#8220; column_direction_phone=&#8220;default&#8220; bg_image=&#8220;6246&#8243; bg_position=&#8220;center center&#8220; background_image_loading=&#8220;default&#8220; bg_repeat=&#8220;no-repeat&#8220; scene_position=&#8220;center&#8220; top_padding=&#8220;15%&#8220; bottom_padding=&#8220;13%&#8220; text_color=&#8220;dark&#8220; text_align=&#8220;left&#8220; row_border_radius=&#8220;none&#8220; row_border_radius_applies=&#8220;bg&#8220; overflow=&#8220;visible&#8220; color_overlay=&#8220;#0a0a0a&#8220; overlay_strength=&#8220;0.5&#8243; gradient_direction=&#8220;left_to_right&#8220; shape_divider_position=&#8220;bottom&#8220; bg_image_animation=&#8220;none&#8220; gradient_type=&#8220;default&#8220; shape_type=&#8220;&#8220;][vc_column column_padding=&#8220;no-extra-padding&#8220; column_padding_tablet=&#8220;inherit&#8220; column_padding_phone=&#8220;inherit&#8220;&#8230;<\/p>\n","protected":false},"author":1,"featured_media":0,"parent":0,"menu_order":0,"comment_status":"closed","ping_status":"closed","template":"","meta":{"footnotes":""},"class_list":["post-6155","page","type-page","status-publish"],"_links":{"self":[{"href":"https:\/\/1afahrschule.de\/index.php\/wp-json\/wp\/v2\/pages\/6155"}],"collection":[{"href":"https:\/\/1afahrschule.de\/index.php\/wp-json\/wp\/v2\/pages"}],"about":[{"href":"https:\/\/1afahrschule.de\/index.php\/wp-json\/wp\/v2\/types\/page"}],"author":[{"embeddable":true,"href":"https:\/\/1afahrschule.de\/index.php\/wp-json\/wp\/v2\/users\/1"}],"replies":[{"embeddable":true,"href":"https:\/\/1afahrschule.de\/index.php\/wp-json\/wp\/v2\/comments?post=6155"}],"version-history":[{"count":10,"href":"https:\/\/1afahrschule.de\/index.php\/wp-json\/wp\/v2\/pages\/6155\/revisions"}],"predecessor-version":[{"id":6248,"href":"https:\/\/1afahrschule.de\/index.php\/wp-json\/wp\/v2\/pages\/6155\/revisions\/6248"}],"wp:attachment":[{"href":"https:\/\/1afahrschule.de\/index.php\/wp-json\/wp\/v2\/media?parent=6155"}],"curies":[{"name":"wp","href":"https:\/\/api.w.org\/{rel}","templated":true}]}}